{"id":818,"date":"2022-03-25T11:28:27","date_gmt":"2022-03-25T10:28:27","guid":{"rendered":"https:\/\/www.susii.nrw\/koeln\/koelsches-it-gesetz\/"},"modified":"2022-03-25T11:28:27","modified_gmt":"2022-03-25T10:28:27","slug":"koelsches-it-gesetz","status":"publish","type":"page","link":"https:\/\/www.susii.nrw\/ksh\/koeln\/koelsches-it-gesetz\/","title":{"rendered":"K\u00f6lsches IT-Gesetz"},"content":{"rendered":"\n<div class=\"wp-block-group su-koeln-it-gesetz is-layout-flow wp-block-group-is-layout-flow\">\n<p><strong>\u00a71 &#8211; Et es wie et es<\/strong>&nbsp;<br>D\u00e4 EFFZEH is zwar K\u00f6lle, \u00e4vver mer kann sich nit dodrop verlo\u00dfe, dat dat och e secher Passwort es.&nbsp;<br><br><strong>\u00a72 &#8211; Et k\u00fctt wie et k\u00fctt<\/strong>&nbsp;<br>Dun immer de Updates installiere! Updates kumme immer, ohne dat do donoh froge mu\u00df un se maache de Sicherheitsl\u00fccken zo.&nbsp;<br><br><strong>\u00a73 &#8211; Et h\u00e4t noch immer jot jejange<\/strong>&nbsp;<br>Bei jedem PC mu\u00df mer immer oppasse, dat kein Viren drankumme. (Et w\u00f6r domm, sich dodrop zo verlo\u00dfe, dat nix drank\u00fctt).&nbsp;<br><br><strong>\u00a74 &#8211; Wat fott es, es fott<\/strong>&nbsp;<br>Wann de Daten fott sin, es quasi alles fott. Do bliev dir nix anderes \u00fcvverich: do mu\u00df dir anjewenne, rejelm\u00e4\u00dfig Backups zo maache. (Dat sin kein Turn\u00fcbunge; dat bed\u00fcck: do mu\u00df de Daten noch ens en ene extra Speicher dun, domet se nit fott sin, wenn se fottkumme.)&nbsp;<br><br><strong>\u00a75 &#8211; Et bliev nix wie et wor<\/strong>&nbsp;<br>Och e handy is nit mih dat, wat et ens fr\u00f6her wor. Wat de Secherheit anjeiht: Met esu enem Smartphone mu\u00df do jenau esu \u00f6mjonn wie met enem PC.&nbsp;<br><br><strong>\u00a76 &#8211; Kenne mer nit, bruche mer nit, fott domet<\/strong>&nbsp;<br>Wie, do wei\u00df ja nit, wer dir die E-mail op de M\u00e4hl-Box jescheck h\u00e4t? Dann direck fott domet!&nbsp;<br><br><strong>\u00a77 &#8211; Wat wells de maache<\/strong>&nbsp;<br>Han de Internet Spetzbove met dir im Internet de Aap jemaat un do bes dobei fies op et F\u00f6ttche jefalle, dann denk dran: De Schmier hilf dir! die Polizei \u2013 dein Freund und Helfer!&nbsp;<br><br><strong>\u00a78 &#8211; Maach et jot, \u00e4vver nit zo off<\/strong>&nbsp;<br>Et es wichtig, dat do dir e secher Passwort selver zosamme knuvs. (E secher Passwort es nit esu einfach wie 1- 2-3) . Un et es wichtig, dat do dat Passwort nur eimol bruchs.&nbsp;<br><br><strong>\u00a79 &#8211; Wat soll d\u00e4 Quatsch?<\/strong>&nbsp;<br>Wann se dir \u201eQuatsch\u201c verz\u00e4lle, dann pass jot op, domet se dir nix andriehe.&nbsp;<br><br><strong>\u00a710 &#8211; Drinks de eine met?<\/strong>&nbsp;<br>All zosamme oppasse un zosamme stonn \u2013 e Netzwerk es immer nur esu jot wie an der d\u00f6nnste Stell.&nbsp;<br><br><strong>\u00a711 &#8211; Do laachs de dich kapott<\/strong>&nbsp;<br>Wann dir nix jeklaut weed , dann h\u00e4s de ene Jrund f\u00f6r zo laache.<\/p>\n<\/div>\n","protected":false},"excerpt":{"rendered":"<p>\u00a71 &#8211; Et es wie et es&nbsp;D\u00e4 EFFZEH is zwar K\u00f6lle, \u00e4vver mer kann sich nit dodrop verlo\u00dfe, dat dat och e secher Passwort es.&nbsp; \u00a72 &#8211; Et k\u00fctt wie et k\u00fctt&nbsp;Dun immer de Updates installiere! Updates kumme immer, ohne dat do donoh froge mu\u00df un se maache de Sicherheitsl\u00fccken&#8230;<a class=\"su-loop-button\" href=\"https:\/\/www.susii.nrw\/ksh\/koeln\/koelsches-it-gesetz\/\">Read More<\/a><\/p>\n","protected":false},"author":1,"featured_media":0,"parent":677,"menu_order":0,"comment_status":"closed","ping_status":"closed","template":"","meta":{"inline_featured_image":false,"footnotes":""},"_links":{"self":[{"href":"https:\/\/www.susii.nrw\/ksh\/wp-json\/wp\/v2\/pages\/818"}],"collection":[{"href":"https:\/\/www.susii.nrw\/ksh\/wp-json\/wp\/v2\/pages"}],"about":[{"href":"https:\/\/www.susii.nrw\/ksh\/wp-json\/wp\/v2\/types\/page"}],"author":[{"embeddable":true,"href":"https:\/\/www.susii.nrw\/ksh\/wp-json\/wp\/v2\/users\/1"}],"replies":[{"embeddable":true,"href":"https:\/\/www.susii.nrw\/ksh\/wp-json\/wp\/v2\/comments?post=818"}],"version-history":[{"count":0,"href":"https:\/\/www.susii.nrw\/ksh\/wp-json\/wp\/v2\/pages\/818\/revisions"}],"up":[{"embeddable":true,"href":"https:\/\/www.susii.nrw\/ksh\/wp-json\/wp\/v2\/pages\/677"}],"wp:attachment":[{"href":"https:\/\/www.susii.nrw\/ksh\/wp-json\/wp\/v2\/media?parent=818"}],"curies":[{"name":"wp","href":"https:\/\/api.w.org\/{rel}","templated":true}]}}