{"id":677,"date":"2022-03-16T11:08:43","date_gmt":"2022-03-16T10:08:43","guid":{"rendered":"https:\/\/www.susii.nrw\/koeln\/"},"modified":"2023-02-01T14:17:32","modified_gmt":"2023-02-01T13:17:32","slug":"koeln","status":"publish","type":"page","link":"https:\/\/www.susii.nrw\/ksh\/koeln\/","title":{"rendered":"K\u00f6lle"},"content":{"rendered":"\n<div class=\"wp-block-group su-container su-content-section clearfix is-layout-flow wp-block-group-is-layout-flow\">\n<div class=\"wp-block-group su-page-header is-layout-flow wp-block-group-is-layout-flow\">\n<h1 class=\"su-page-title wp-block-heading\">H\u00e4tzlich wellkumme beim SUSII in K\u00f6lle<\/h1>\n\n\n\n<div class=\"wp-block-columns su-page-intro-cols is-layout-flex wp-container-core-columns-layout-1 wp-block-columns-is-layout-flex\">\n<div class=\"wp-block-column su-page-logo-col is-layout-flow wp-block-column-is-layout-flow\">\n<figure class=\"wp-block-image size-full\"><a href=\"https:\/\/koeln.polizei.nrw\/\" target=\"_blank\" rel=\"noopener\"><img loading=\"lazy\" decoding=\"async\" width=\"228\" height=\"69\" src=\"https:\/\/www.susii.nrw\/wp-content\/uploads\/2022\/03\/polizei_nrw_logo.png\" alt=\"Polizei NRW Logo\" class=\"wp-image-120\"\/><\/a><\/figure>\n<\/div>\n\n\n\n<div class=\"wp-block-column su-page-intro-col is-layout-flow wp-block-column-is-layout-flow\">\n<p class=\"su-page-intro\">Smart und Sicher im Internet &#8211; der Pr\u00e4ventionsseite des eco &#8211; Verband der Internetwirtschaft e.V. en Kooperation met der Polizei us K\u00f6lle<\/p>\n<\/div>\n\n\n\n<div class=\"wp-block-column su-page-logo-col is-layout-flow wp-block-column-is-layout-flow\">\n<figure class=\"wp-block-image size-full\"><a href=\"https:\/\/www.eco.de\/\" target=\"_blank\" rel=\"noopener\"><img loading=\"lazy\" decoding=\"async\" width=\"100\" height=\"80\" src=\"https:\/\/www.susii.nrw\/wp-content\/uploads\/2022\/03\/eco_Logo_rand_rot.png\" alt=\"Eco Logo\" class=\"wp-image-122\"\/><\/a><\/figure>\n<\/div>\n<\/div>\n<\/div>\n\n\n\n<figure class=\"wp-block-image size-large su-lka-strong-pw-campaign\"><a href=\"https:\/\/www.mach-dein-passwort-stark.de\/\" target=\"_blank\" rel=\"noopener\"><img decoding=\"async\"  src=\"https:\/\/www.susii.nrw\/wp-content\/uploads\/2022\/03\/LKA_Susii_1080px.svg\" alt=\"LKA Susii\" class=\"wp-image-111\"\/><\/a><\/figure>\n\n\n\n<div class=\"wp-block-group su-columns-group su-content-box is-layout-flow wp-block-group-is-layout-flow\">\n<div class=\"wp-block-columns su-columns is-layout-flex wp-container-core-columns-layout-3 wp-block-columns-is-layout-flex\">\n<div class=\"wp-block-column su-column is-layout-flow wp-block-column-is-layout-flow\">\n<div class=\"wp-block-group su-column-content-group su-column-content-group-bg su-box-shadow is-layout-flow wp-block-group-is-layout-flow\">\n<div class=\"wp-block-group su-column-content is-layout-flow wp-block-group-is-layout-flow\">\n<h2 class=\"su-column-content-title su-content-box-title wp-block-heading\">Smart und Sicher im Internet<\/h2>\n\n\n\n<p class=\"su-column-content-p su-content-box-p\">Smart und Sicher im Internet &#8211; der Pr\u00e4ventionsseite des eco &#8211; Verband der Internetwirtschaft e.V. en Kooperation met der Polizei us K\u00f6lle. Dat Anliegen vun SUSII es, B\u00fcrgern un Unternehmen Informationen un Hilfe f\u00f6r d&#8217;r sicheren Umgang met d\u00e4m Internet bereitzustellen.<\/p>\n\n\n\n<div class=\"wp-block-columns su-builder-margin-bottom-0 is-layout-flex wp-container-core-columns-layout-2 wp-block-columns-is-layout-flex\">\n<div class=\"wp-block-column su-content-box-avatar-col is-layout-flow wp-block-column-is-layout-flow\" style=\"flex-basis:17%\">\n<figure class=\"wp-block-image size-full su-people-box-image su-content-box-avatar\"><img loading=\"lazy\" decoding=\"async\" width=\"200\" height=\"200\" src=\"https:\/\/www.susii.nrw\/wp-content\/uploads\/2022\/03\/roters_1x1.jpg\" alt=\"J\u00fcrgen Roters\" class=\"wp-image-156\" srcset=\"https:\/\/www.susii.nrw\/wp-content\/uploads\/2022\/03\/roters_1x1.jpg 200w, https:\/\/www.susii.nrw\/wp-content\/uploads\/2022\/03\/roters_1x1-150x150.jpg 150w\" sizes=\"(max-width: 200px) 100vw, 200px\" \/><\/figure>\n<\/div>\n\n\n\n<div class=\"wp-block-column su-content-box-name-col is-layout-flow wp-block-column-is-layout-flow\" style=\"flex-basis:83%\">\n<p class=\"su-content-box-name\">Schirmherr J\u00fcrgen Roters (Oberb\u00fcrgermeister a.D.)<\/p>\n<\/div>\n<\/div>\n<\/div>\n\n\n\n<p class=\"su-content-box-links\"><a href=\"https:\/\/www.susii.nrw\/koeln\/ueber-das-projekt\/\" data-type=\"page\" data-id=\"101\">\u00dcvver dat projekt<\/a> <a href=\"https:\/\/www.susii.nrw\/koeln\/unterstuetzer\/\" data-type=\"page\" data-id=\"103\">Schirmherr un Unterst\u00fctzer<\/a> <a href=\"https:\/\/www.susii.nrw\/linksammlung\/\" data-type=\"page\" data-id=\"105\">Linksammlung<\/a> <a href=\"https:\/\/www.susii.nrw\/koeln\/infomaterial\/\" data-type=\"page\" data-id=\"107\">Infomaterial<\/a><\/p>\n<\/div>\n<\/div>\n<\/div>\n<\/div>\n\n\n\n<div class=\"wp-block-group su-columns-group su-content-box is-layout-flow wp-block-group-is-layout-flow\">\n<div class=\"wp-block-columns su-columns is-layout-flex wp-container-core-columns-layout-4 wp-block-columns-is-layout-flex\">\n<div class=\"wp-block-column su-column is-layout-flow wp-block-column-is-layout-flow\">\n<div class=\"wp-block-group su-column-content-group su-column-content-group-bg su-box-shadow is-layout-flow wp-block-group-is-layout-flow\">\n<div class=\"wp-block-group su-column-content is-layout-flow wp-block-group-is-layout-flow\">\n<h2 class=\"su-column-content-title su-content-box-title wp-block-heading\"><a href=\"https:\/\/www.susii.nrw\/hilfe\/\" data-type=\"page\" data-id=\"25\">Ersthilfe Cybercrime<\/a><\/h2>\n\n\n\n<p class=\"su-column-content-p su-content-box-p\">Hilfe f\u00fcr B\u00fcrger und Unternehmen, die Opfer oder Zeuge einer Internet-Straftat geworden sind.<\/p>\n<\/div>\n\n\n\n<p class=\"su-content-box-links\"><a href=\"https:\/\/www.susii.nrw\/hilfe\/ransomware\/\" data-type=\"page\" data-id=\"53\">Erpressungstrojaner<\/a> <a href=\"https:\/\/www.susii.nrw\/hilfe\/online-betrug\/\" data-type=\"page\" data-id=\"55\">Online-Betrug<\/a> <a href=\"https:\/\/www.susii.nrw\/hilfe\/support-anrufe\/\" data-type=\"page\" data-id=\"57\">Support-Anrufe<\/a> <a href=\"https:\/\/www.susii.nrw\/hilfe\/diebstahl\/\" data-type=\"page\" data-id=\"59\">Diebstahl<\/a><\/p>\n<\/div>\n<\/div>\n\n\n\n<div class=\"wp-block-column su-column is-layout-flow wp-block-column-is-layout-flow\">\n<div class=\"wp-block-group su-column-content-group su-column-content-group-bg su-box-shadow is-layout-flow wp-block-group-is-layout-flow\">\n<div class=\"wp-block-group su-column-content is-layout-flow wp-block-group-is-layout-flow\">\n<h2 class=\"su-column-content-title su-content-box-title wp-block-heading\"><a href=\"https:\/\/www.susii.nrw\/praevention\/\" data-type=\"page\" data-id=\"27\">Pr\u00e4vention Cybercrime<\/a><\/h2>\n\n\n\n<p class=\"su-column-content-p su-content-box-p\">Informationen f\u00fcr B\u00fcrger und Unternehmen zu Sicherheit im Internet.<\/p>\n<\/div>\n\n\n\n<p class=\"su-content-box-links\"><a href=\"https:\/\/www.susii.nrw\/praevention\/online-banking\/\" data-type=\"page\" data-id=\"72\">Online-Banking<\/a> <a href=\"https:\/\/www.susii.nrw\/praevention\/starke-passwoerter\/\" data-type=\"page\" data-id=\"74\">Passw\u00f6rter<\/a> <a href=\"https:\/\/www.susii.nrw\/praevention\/viren-und-trojaner\/\" data-type=\"page\" data-id=\"76\">Viren\/Trojaner<\/a> <a href=\"https:\/\/www.susii.nrw\/praevention\/privatsphaere\/\" data-type=\"page\" data-id=\"78\">Privatsph\u00e4re<\/a> <a href=\"https:\/\/www.susii.nrw\/praevention\/spam-und-phishing-emails\/\" data-type=\"page\" data-id=\"80\">Spam\/Phishing<\/a><\/p>\n<\/div>\n<\/div>\n<\/div>\n<\/div>\n\n\n\n<div class=\"wp-block-columns su-twitter-feed is-layout-flex wp-container-core-columns-layout-5 wp-block-columns-is-layout-flex\">\n<div class=\"wp-block-column su-twitter-feed-box su-box-shadow is-layout-flow wp-block-column-is-layout-flow\">\n<div class=\"BorlabsCookie _brlbs-cb-twitter\"><div class=\"_brlbs-content-blocker\"> <div class=\"_brlbs-embed _brlbs-twitter\"> <img decoding=\"async\" class=\"_brlbs-thumbnail\" src=\"https:\/\/www.susii.nrw\/wp-content\/plugins\/borlabs-cookie\/assets\/images\/cb-twitter.png\" alt=\"Twitter\"> <div class=\"_brlbs-caption\"> <p>Mit dem Laden des Tweets akzeptieren Sie die Datenschutzerkl\u00e4rung von Twitter.<br><a href=\"https:\/\/twitter.com\/privacy\" target=\"_blank\" rel=\"nofollow noopener noreferrer\">Mehr erfahren<\/a><\/p> <p><a class=\"_brlbs-btn\" href=\"#\" data-borlabs-cookie-unblock role=\"button\">Inhalt laden<\/a><\/p> <p><label><input type=\"checkbox\" name=\"unblockAll\" value=\"1\" checked> <small>Twitter Tweets immer entsperren<\/small><\/label><\/p> <\/div> <\/div> <\/div><div class=\"borlabs-hide\" data-borlabs-cookie-type=\"content-blocker\" data-borlabs-cookie-id=\"twitter\"><script type=\"text\/template\">PGEgY2xhc3M9InR3aXR0ZXItdGltZWxpbmUiIGRhdGEtaGVpZ2h0PSI0MDAiIGhyZWY9Imh0dHBzOi8vdHdpdHRlci5jb20vcG9saXplaV9ucndfayI+VHdlZXRzIHZvbiBwb2xpemVpX25yd19rPC9hPjxzY3JpcHQgYXN5bmM9IiIgc3JjPSIvL3BsYXRmb3JtLnR3aXR0ZXIuY29tL3dpZGdldHMuanMiIGNoYXJzZXQ9InV0Zi04Ij48L3NjcmlwdD4=<\/script><\/div><\/div>\n<\/div>\n\n\n\n<div class=\"wp-block-column su-twitter-feed-box su-box-shadow is-layout-flow wp-block-column-is-layout-flow\">\n<div class=\"BorlabsCookie _brlbs-cb-twitter\"><div class=\"_brlbs-content-blocker\"> <div class=\"_brlbs-embed _brlbs-twitter\"> <img decoding=\"async\" class=\"_brlbs-thumbnail\" src=\"https:\/\/www.susii.nrw\/wp-content\/plugins\/borlabs-cookie\/assets\/images\/cb-twitter.png\" alt=\"Twitter\"> <div class=\"_brlbs-caption\"> <p>Mit dem Laden des Tweets akzeptieren Sie die Datenschutzerkl\u00e4rung von Twitter.<br><a href=\"https:\/\/twitter.com\/privacy\" target=\"_blank\" rel=\"nofollow noopener noreferrer\">Mehr erfahren<\/a><\/p> <p><a class=\"_brlbs-btn\" href=\"#\" data-borlabs-cookie-unblock role=\"button\">Inhalt laden<\/a><\/p> <p><label><input type=\"checkbox\" name=\"unblockAll\" value=\"1\" checked> <small>Twitter Tweets immer entsperren<\/small><\/label><\/p> <\/div> <\/div> <\/div><div class=\"borlabs-hide\" data-borlabs-cookie-type=\"content-blocker\" data-borlabs-cookie-id=\"twitter\"><script type=\"text\/template\">PGEgY2xhc3M9InR3aXR0ZXItdGltZWxpbmUiIGRhdGEtaGVpZ2h0PSI0MDAiIGhyZWY9Imh0dHBzOi8vdHdpdHRlci5jb20vYm90ZnJlaSI+VHdlZXRzIHZvbiBib3RmcmVpPC9hPjxzY3JpcHQgYXN5bmM9IiIgc3JjPSIvL3BsYXRmb3JtLnR3aXR0ZXIuY29tL3dpZGdldHMuanMiIGNoYXJzZXQ9InV0Zi04Ij48L3NjcmlwdD4=<\/script><\/div><\/div>\n<\/div>\n<\/div>\n<\/div>\n","protected":false},"excerpt":{"rendered":"<p>H\u00e4tzlich wellkumme beim SUSII in K\u00f6lle Smart und Sicher im Internet &#8211; der Pr\u00e4ventionsseite des eco &#8211; Verband der Internetwirtschaft e.V. en Kooperation met der Polizei us K\u00f6lle Smart und Sicher im Internet Smart und Sicher im Internet &#8211; der Pr\u00e4ventionsseite des eco &#8211; Verband der Internetwirtschaft e.V. en Kooperation&#8230;<a class=\"su-loop-button\" href=\"https:\/\/www.susii.nrw\/ksh\/koeln\/\">Read More<\/a><\/p>\n","protected":false},"author":1,"featured_media":0,"parent":0,"menu_order":0,"comment_status":"closed","ping_status":"closed","template":"template-builder.php","meta":{"inline_featured_image":false,"footnotes":""},"_links":{"self":[{"href":"https:\/\/www.susii.nrw\/ksh\/wp-json\/wp\/v2\/pages\/677"}],"collection":[{"href":"https:\/\/www.susii.nrw\/ksh\/wp-json\/wp\/v2\/pages"}],"about":[{"href":"https:\/\/www.susii.nrw\/ksh\/wp-json\/wp\/v2\/types\/page"}],"author":[{"embeddable":true,"href":"https:\/\/www.susii.nrw\/ksh\/wp-json\/wp\/v2\/users\/1"}],"replies":[{"embeddable":true,"href":"https:\/\/www.susii.nrw\/ksh\/wp-json\/wp\/v2\/comments?post=677"}],"version-history":[{"count":2,"href":"https:\/\/www.susii.nrw\/ksh\/wp-json\/wp\/v2\/pages\/677\/revisions"}],"predecessor-version":[{"id":946,"href":"https:\/\/www.susii.nrw\/ksh\/wp-json\/wp\/v2\/pages\/677\/revisions\/946"}],"wp:attachment":[{"href":"https:\/\/www.susii.nrw\/ksh\/wp-json\/wp\/v2\/media?parent=677"}],"curies":[{"name":"wp","href":"https:\/\/api.w.org\/{rel}","templated":true}]}}