{"id":760,"date":"2022-03-16T15:47:53","date_gmt":"2022-03-16T14:47:53","guid":{"rendered":"https:\/\/www.susii.nrw\/link-collection\/"},"modified":"2022-04-22T10:08:45","modified_gmt":"2022-04-22T08:08:45","slug":"link-collection","status":"publish","type":"page","link":"https:\/\/www.susii.nrw\/en\/link-collection\/","title":{"rendered":"Link collection"},"content":{"rendered":"\n<p class=\"has-text-align-center su-page-intro has-grey-color has-text-color\">Further links to the various topics around Smart and Safe on the Internet<\/p>\n\n\n\n<div class=\"wp-block-pb-accordion-item c-accordion__item js-accordion-item no-js su-accordion su-icon-contacts su-box-shadow\" data-initially-open=\"false\" data-click-to-close=\"true\" data-auto-close=\"true\" data-scroll=\"true\" data-scroll-offset=\"0\"><h2 id=\"at-7600\" class=\"c-accordion__title js-accordion-controller\" role=\"button\">Online-Wachen der Landeskriminal\u00e4mter<\/h2><div id=\"ac-7600\" class=\"c-accordion__content\">\n<p><a rel=\"noreferrer noopener\" href=\"https:\/\/service.polizei.nrw.de\/anzeige\" target=\"_blank\">Online-Wache Nordrhein-Westfalen<\/a>&nbsp;<br><a rel=\"noreferrer noopener\" href=\"https:\/\/www.onlinewache.polizei.niedersachsen.de\/\" target=\"_blank\">Online-Wache Niedersachsen<\/a>&nbsp;<br><a rel=\"noreferrer noopener\" href=\"https:\/\/onlinewache.polizei.hessen.de\/ow\/Onlinewache\/\" target=\"_blank\">Online-Wache Hessen<\/a>&nbsp;<br><a rel=\"noreferrer noopener\" href=\"https:\/\/www.internetwache-polizei-berlin.de\/\" target=\"_blank\">Online-Wache Berlin<\/a>&nbsp;<br><a rel=\"noreferrer noopener\" href=\"https:\/\/www.polizei-bw.de\/Internetwache\/Seiten\/default.aspx\" target=\"_blank\">Online-Wache Baden-W\u00fcrttemberg<\/a>&nbsp;<br><a rel=\"noreferrer noopener\" href=\"https:\/\/polizei.brandenburg.de\/\" target=\"_blank\">Online-Wache Brandenburg<\/a>&nbsp;<br><a rel=\"noreferrer noopener\" href=\"http:\/\/www.hamburg.de\/onlinewache\" target=\"_blank\">Online-Wache Hamburg<\/a>&nbsp;<br><a rel=\"noreferrer noopener\" href=\"http:\/\/www.polizei.mvnet.de\/cms2\/Polizei_prod\/Polizei\/de\/start\/_Informationen\/Internetwache\/index.jsp\" target=\"_blank\">Online-Wache Mecklenburg-Vorpommern<\/a>&nbsp;<br><a rel=\"noreferrer noopener\" href=\"https:\/\/www.polizei.sachsen.de\/onlinewache\/onlinewache.aspx\" target=\"_blank\">Online-Wache Sachsen<\/a>&nbsp;<br><a rel=\"noreferrer noopener\" href=\"http:\/\/www.polizei-web.sachsen-anhalt.de\/\" target=\"_blank\">Online-Wache Sachsen-Anhalt<\/a>&nbsp;<br><a rel=\"noreferrer noopener\" href=\"http:\/\/www.schleswig-holstein.de\/DE\/Landesregierung\/LPA\/Service\/_documents\/onlinewache_meldung.html\" target=\"_blank\">Online-Wache Schleswig-Holstein<\/a>&nbsp;<\/p>\n<\/div><\/div>\n\n\n\n<div class=\"wp-block-pb-accordion-item c-accordion__item js-accordion-item no-js su-accordion su-icon-contacts su-box-shadow\" data-initially-open=\"false\" data-click-to-close=\"true\" data-auto-close=\"true\" data-scroll=\"false\" data-scroll-offset=\"0\"><h2 id=\"at-7601\" class=\"c-accordion__title js-accordion-controller\" role=\"button\">Kreispolizeibeh\u00f6rden in NRW<\/h2><div id=\"ac-7601\" class=\"c-accordion__content\">\n<p><a rel=\"noreferrer noopener\" href=\"https:\/\/polizei.nrw\/artikel\/polizei-vor-ort\" target=\"_blank\">Anschriften und Erreichbarkeiten der Kreispolizeibeh\u00f6rden in NRW<\/a><br><a rel=\"noreferrer noopener\" href=\"https:\/\/koeln.polizei.nrw\/\" target=\"_blank\">Polizei K\u00f6ln<\/a><\/p>\n<\/div><\/div>\n\n\n\n<div class=\"wp-block-pb-accordion-item c-accordion__item js-accordion-item no-js su-accordion su-icon-contacts su-box-shadow\" data-initially-open=\"false\" data-click-to-close=\"true\" data-auto-close=\"true\" data-scroll=\"false\" data-scroll-offset=\"0\"><h2 id=\"at-7602\" class=\"c-accordion__title js-accordion-controller\" role=\"button\">Verbraucherzentralen<\/h2><div id=\"ac-7602\" class=\"c-accordion__content\">\n<p><a rel=\"noreferrer noopener\" href=\"https:\/\/www.verbraucherzentrale.de\/\" target=\"_blank\">Verbraucherzentrale.de<\/a>&nbsp;<br><a rel=\"noreferrer noopener\" href=\"https:\/\/www.verbraucherzentrale.nrw\/\" target=\"_blank\">Verbraucherzentrale Nordrhein-Westfalen<\/a>&nbsp;<br><a rel=\"noreferrer noopener\" href=\"https:\/\/www.verbraucherzentrale.nrw\/Koeln\" target=\"_blank\">Verbraucherzentrale K\u00f6ln<\/a>&nbsp;<br><a rel=\"noreferrer noopener\" href=\"https:\/\/www.verbraucherzentrale.nrw\/Leverkusen\" target=\"_blank\">Verbraucherzentrale Leverkusen<\/a>&nbsp;<br><a rel=\"noreferrer noopener\" href=\"https:\/\/www.verbraucherzentrale.de\/phishing-radar\" target=\"_blank\">Phishing-Radar der Verbraucherzentralen<\/a><\/p>\n<\/div><\/div>\n\n\n\n<div class=\"wp-block-pb-accordion-item c-accordion__item js-accordion-item no-js su-accordion su-icon-verified-user su-box-shadow\" data-initially-open=\"false\" data-click-to-close=\"true\" data-auto-close=\"true\" data-scroll=\"false\" data-scroll-offset=\"0\"><h2 id=\"at-7603\" class=\"c-accordion__title js-accordion-controller\" role=\"button\">Anti-Virus Protection<\/h2><div id=\"ac-7603\" class=\"c-accordion__content\">\n<p><a href=\"https:\/\/www.botfree.eu\/en\/tools\/virus-scanners.html\" data-type=\"URL\" data-id=\"https:\/\/www.botfree.eu\/en\/tools\/virus-scanners.html\" target=\"_blank\" rel=\"noreferrer noopener\">Free and subscription-based virus scanners<\/a>\u00a0<br><a href=\"https:\/\/www.botfree.eu\/en\/eucleaner\/index.html\" data-type=\"URL\" data-id=\"https:\/\/www.botfree.eu\/en\/eucleaner\/index.html\" target=\"_blank\" rel=\"noreferrer noopener\">Botfree EU-Cleaner for first aid<\/a>\u00a0<br><a href=\"https:\/\/www.av-test.org\/en\/\" data-type=\"URL\" data-id=\"https:\/\/www.av-test.org\/en\/\" target=\"_blank\" rel=\"noreferrer noopener\">AV-Test &#8211; The Independent IT-Security Institute\u00a0<\/a><br><a href=\"https:\/\/www.botfree.eu\/en\/ransomware\/gallery.html\" data-type=\"URL\" data-id=\"https:\/\/www.botfree.eu\/en\/ransomware\/gallery.html\" target=\"_blank\" rel=\"noreferrer noopener\">Ransomware Gallery<\/a><\/p>\n<\/div><\/div>\n\n\n\n<div class=\"wp-block-pb-accordion-item c-accordion__item js-accordion-item no-js su-accordion su-icon-verified-user su-box-shadow\" data-initially-open=\"false\" data-click-to-close=\"true\" data-auto-close=\"true\" data-scroll=\"false\" data-scroll-offset=\"0\"><h2 id=\"at-7604\" class=\"c-accordion__title js-accordion-controller\" role=\"button\">IT Security Websites<\/h2><div id=\"ac-7604\" class=\"c-accordion__content\">\n<p><a href=\"https:\/\/www.botfree.eu\/\" data-type=\"URL\" data-id=\"https:\/\/www.botfree.eu\/\" target=\"_blank\" rel=\"noreferrer noopener\">Botfree.eu\u00a0<\/a><br><a rel=\"noreferrer noopener\" href=\"https:\/\/www.bsi-fuer-buerger.de\/BSIFB\/DE\/Home\/home_node.html\" target=\"_blank\">BSI f\u00fcr B\u00fcrger (B\u00fcrgerportal des Bundesamtes f\u00fcr Sicherheit in der Informationstechnik)\u00a0<\/a><br><a rel=\"noreferrer noopener\" href=\"http:\/\/www.it-sicherheit-in-der-wirtschaft.de\/\" target=\"_blank\">Initiative &#8220;IT-Sicherheit in der Wirtschaft&#8221; des BMWi<\/a>\u00a0<br><a rel=\"noreferrer noopener\" href=\"https:\/\/www.it-sicherheit.de\/\" target=\"_blank\">Marktplatz IT-Sicherheit &#8211; Der nicht\u2011kommerzielle Marktplatz des Institut f\u00fcr Internet-Sicherheit (if(is))<\/a>\u00a0<br><a rel=\"noreferrer noopener\" href=\"http:\/\/www.mimikama.at\/\" target=\"_blank\">Zuerst denken-dann klicken (ZDDK) &#8211; Anlaufstelle zur Aufkl\u00e4rung \u00fcber Internetbetrug, Falschmeldungen sowie Computersicherheit<\/a><\/p>\n<\/div><\/div>\n\n\n\n<div class=\"wp-block-pb-accordion-item c-accordion__item js-accordion-item no-js su-accordion su-icon-verified-user su-box-shadow\" data-initially-open=\"false\" data-click-to-close=\"true\" data-auto-close=\"true\" data-scroll=\"false\" data-scroll-offset=\"0\"><h2 id=\"at-7605\" class=\"c-accordion__title js-accordion-controller\" role=\"button\">Data protection<\/h2><div id=\"ac-7605\" class=\"c-accordion__content\">\n<p><a rel=\"noreferrer noopener\" href=\"http:\/\/www.bfdi.bund.de\/DE\/Datenschutz\/datenschutz-node.html\" target=\"_blank\">Internetauftritt der Bundesbeauftragten f\u00fcr den Datenschutz und die Informationsfreiheit<\/a>&nbsp;<br><a rel=\"noreferrer noopener\" href=\"https:\/\/www.ldi.nrw.de\/mainmenu_Datenschutz\/\" target=\"_blank\">Landesbeauftragte f\u00fcr Datenschutz und Informationsfreiheit NRW&nbsp;<\/a><br><a rel=\"noreferrer noopener\" href=\"https:\/\/www.datenschutz.de\/\" target=\"_blank\">Virtuelles Datenschutz-B\u00fcro &#8211; Ein Informationsangebot der \u00f6ffentlichen Datenschutzinstanzen<\/a>&nbsp;<br><a rel=\"noreferrer noopener\" href=\"http:\/\/www.heise.de\/thema\/Datenschutz\/\" target=\"_blank\">Themenportal Datenschutz bei Heise.de<\/a>&nbsp;<br><a rel=\"noreferrer noopener\" href=\"https:\/\/www.facebook.com\/policy.php\" target=\"_blank\">Datenrichtlinie bei Facebook<\/a><\/p>\n<\/div><\/div>\n\n\n\n<div class=\"wp-block-pb-accordion-item c-accordion__item js-accordion-item no-js su-accordion su-icon-child-care su-box-shadow\" data-initially-open=\"false\" data-click-to-close=\"true\" data-auto-close=\"true\" data-scroll=\"false\" data-scroll-offset=\"0\"><h2 id=\"at-7606\" class=\"c-accordion__title js-accordion-controller\" role=\"button\">Youth Protection<\/h2><div id=\"ac-7606\" class=\"c-accordion__content\">\n<p><a href=\"https:\/\/international.eco.de\/internet-complaints-office.html\" data-type=\"URL\" data-id=\"https:\/\/international.eco.de\/internet-complaints-office.html\" target=\"_blank\" rel=\"noreferrer noopener\">eco Complaints Office\u00a0<\/a><br><a rel=\"noreferrer noopener\" href=\"https:\/\/www.nummergegenkummer.de\/\" target=\"_blank\">NummergegenKummer<\/a>\u00a0<br><a rel=\"noreferrer noopener\" href=\"https:\/\/www.fragfinn.de\/\" target=\"_blank\">fragFINN.de<\/a>\u00a0<br><a rel=\"noreferrer noopener\" href=\"http:\/\/www.xn--polizeifrdich-3ob.de\/\" target=\"_blank\">polizei f\u00fcr dich<\/a>\u00a0<br><a rel=\"noreferrer noopener\" href=\"http:\/\/www.jugendschutzprogramm.de\/\" target=\"_blank\">JUSPROG<\/a>\u00a0<br><a rel=\"noreferrer noopener\" href=\"http:\/\/www.klicksafe.de\/\" target=\"_blank\">Klicksafe.de<\/a><\/p>\n<\/div><\/div>\n\n\n\n<div class=\"wp-block-pb-accordion-item c-accordion__item js-accordion-item no-js su-accordion su-accordion-koeln su-icon-location-city su-box-shadow\" data-initially-open=\"false\" data-click-to-close=\"true\" data-auto-close=\"true\" data-scroll=\"false\" data-scroll-offset=\"0\"><h2 id=\"at-7607\" class=\"c-accordion__title js-accordion-controller\" role=\"button\">Cologne<\/h2><div id=\"ac-7607\" class=\"c-accordion__content\">\n<p><a rel=\"noreferrer noopener\" href=\"http:\/\/www.koeln.de\/\" target=\"_blank\">koeln.de<\/a>&nbsp;<br><a rel=\"noreferrer noopener\" href=\"http:\/\/www.stadt-koeln.de\/\" target=\"_blank\">City of Cologne<\/a>&nbsp;<br><a rel=\"noreferrer noopener\" href=\"http:\/\/www.sta-koeln.nrw.de\/\" target=\"_blank\">Staatsanwaltschaft K\u00f6ln<\/a>&nbsp;<br><a rel=\"noreferrer noopener\" href=\"https:\/\/digitalcologne.de\/\" target=\"_blank\">Digital Cologne<\/a>&nbsp;<br><a rel=\"noreferrer noopener\" href=\"http:\/\/www.rak-koeln.de\/\" target=\"_blank\">Rechtsanwaltskammer K\u00f6ln<\/a>&nbsp;<br><a rel=\"noreferrer noopener\" href=\"https:\/\/www.ihk-koeln.de\/\" target=\"_blank\">Industrie- und Handelskammer zu K\u00f6ln<\/a>&nbsp;<br><a rel=\"noreferrer noopener\" href=\"http:\/\/www.hwk-koeln.de\/\" target=\"_blank\">Handwerkskammer zu K\u00f6ln<\/a>&nbsp;<br><a rel=\"noreferrer noopener\" href=\"http:\/\/www.ksta.de\/\" target=\"_blank\">K\u00f6lner Stadt-Anzeiger<\/a>&nbsp;<br><a rel=\"noreferrer noopener\" href=\"http:\/\/www.express.de\/\" target=\"_blank\">Express.de<\/a>&nbsp;<br><a rel=\"noreferrer noopener\" href=\"https:\/\/www.th-koeln.de\/\" target=\"_blank\">TH K\u00f6ln<\/a>&nbsp;<br><a rel=\"noreferrer noopener\" href=\"https:\/\/www.uni-koeln.de\/\" target=\"_blank\">Universit\u00e4t zu K\u00f6ln<\/a><\/p>\n<\/div><\/div>\n","protected":false},"excerpt":{"rendered":"<p>Further links to the various topics around Smart and Safe on the Internet<\/p>\n","protected":false},"author":1,"featured_media":0,"parent":0,"menu_order":0,"comment_status":"closed","ping_status":"closed","template":"","meta":{"inline_featured_image":false,"footnotes":""},"_links":{"self":[{"href":"https:\/\/www.susii.nrw\/en\/wp-json\/wp\/v2\/pages\/760"}],"collection":[{"href":"https:\/\/www.susii.nrw\/en\/wp-json\/wp\/v2\/pages"}],"about":[{"href":"https:\/\/www.susii.nrw\/en\/wp-json\/wp\/v2\/types\/page"}],"author":[{"embeddable":true,"href":"https:\/\/www.susii.nrw\/en\/wp-json\/wp\/v2\/users\/1"}],"replies":[{"embeddable":true,"href":"https:\/\/www.susii.nrw\/en\/wp-json\/wp\/v2\/comments?post=760"}],"version-history":[{"count":1,"href":"https:\/\/www.susii.nrw\/en\/wp-json\/wp\/v2\/pages\/760\/revisions"}],"predecessor-version":[{"id":771,"href":"https:\/\/www.susii.nrw\/en\/wp-json\/wp\/v2\/pages\/760\/revisions\/771"}],"wp:attachment":[{"href":"https:\/\/www.susii.nrw\/en\/wp-json\/wp\/v2\/media?parent=760"}],"curies":[{"name":"wp","href":"https:\/\/api.w.org\/{rel}","templated":true}]}}